{"id":16929,"date":"2025-04-28T23:47:29","date_gmt":"2025-04-28T21:47:29","guid":{"rendered":"https:\/\/medallianceforwetlands.org\/portfolio-french\/"},"modified":"2025-04-29T11:03:16","modified_gmt":"2025-04-29T09:03:16","slug":"portfolio-projets","status":"publish","type":"page","link":"https:\/\/medallianceforwetlands.org\/fr\/portfolio-projets\/","title":{"rendered":"Portfolio projets"},"content":{"rendered":"<div id=\"cs-content\" class=\"cs-content\"><\/div>\n","protected":false},"excerpt":{"rendered":"<p>ToutProjets termin\u00e9sProjets en coursPROZHUM petits projetsValorisation et Conservation des Zones Humides Oasiennes de Douz Contribution \u00e0 la mise en \u0153uvre du plan de gestion du site Ramsar Sidi Boughaba Initiation \u00e0 la restauration et sensibilisation pour la pr\u00e9servation des tourbi\u00e8res de Dar Fatma en Tunisie Restauration et protection de la zone humide d&#8217;Anjar pour la conservation de la biodiversit\u00e9 et &#8230; <\/p>\n<div><a href=\"https:\/\/medallianceforwetlands.org\/fr\/portfolio-projets\/\" class=\"more-link\">Read More<\/a><\/div>\n","protected":false},"author":14,"featured_media":0,"parent":0,"menu_order":0,"comment_status":"closed","ping_status":"closed","template":"template-blank-1.php","meta":{"footnotes":"","_links_to":"","_links_to_target":""},"class_list":["post-16929","page","type-page","status-publish","hentry","no-post-thumbnail"],"yoast_head":"<!-- This site is optimized with the Yoast SEO plugin v27.4 - https:\/\/yoast.com\/product\/yoast-seo-wordpress\/ -->\n<title>Portfolio projets - Mediterranean Alliance for Wetlands<\/title>\n<meta name=\"robots\" content=\"index, follow, max-snippet:-1, max-image-preview:large, max-video-preview:-1\" \/>\n<link rel=\"canonical\" href=\"https:\/\/medallianceforwetlands.org\/portfolio\/\" \/>\n<meta property=\"og:locale\" content=\"fr_FR\" \/>\n<meta property=\"og:type\" content=\"article\" \/>\n<meta property=\"og:title\" content=\"Portfolio projets - Mediterranean Alliance for Wetlands\" \/>\n<meta property=\"og:description\" content=\"ToutProjets termin\u00e9sProjets en coursPROZHUM petits projetsValorisation et Conservation des Zones Humides Oasiennes de Douz Contribution \u00e0 la mise en\" \/>\n<meta property=\"og:url\" content=\"https:\/\/medallianceforwetlands.org\/portfolio\/\" \/>\n<meta property=\"og:site_name\" content=\"Mediterranean Alliance for Wetlands\" \/>\n<meta property=\"article:modified_time\" content=\"2025-04-29T09:03:16+00:00\" \/>\n<meta name=\"twitter:card\" content=\"summary_large_image\" \/>\n<meta name=\"twitter:label1\" content=\"Est. reading time\" \/>\n\t<meta name=\"twitter:data1\" content=\"1 minute\" \/>\n<script type=\"application\/ld+json\" class=\"yoast-schema-graph\">{\"@context\":\"https:\\\/\\\/schema.org\",\"@graph\":[{\"@type\":\"WebPage\",\"@id\":\"https:\\\/\\\/medallianceforwetlands.org\\\/portfolio\\\/\",\"url\":\"https:\\\/\\\/medallianceforwetlands.org\\\/portfolio\\\/\",\"name\":\"Portfolio projets - Mediterranean Alliance for Wetlands\",\"isPartOf\":{\"@id\":\"https:\\\/\\\/medallianceforwetlands.org\\\/#website\"},\"datePublished\":\"2025-04-28T21:47:29+00:00\",\"dateModified\":\"2025-04-29T09:03:16+00:00\",\"breadcrumb\":{\"@id\":\"https:\\\/\\\/medallianceforwetlands.org\\\/portfolio\\\/#breadcrumb\"},\"inLanguage\":\"fr-FR\",\"potentialAction\":[{\"@type\":\"ReadAction\",\"target\":[\"https:\\\/\\\/medallianceforwetlands.org\\\/portfolio\\\/\"]}]},{\"@type\":\"BreadcrumbList\",\"@id\":\"https:\\\/\\\/medallianceforwetlands.org\\\/portfolio\\\/#breadcrumb\",\"itemListElement\":[{\"@type\":\"ListItem\",\"position\":1,\"name\":\"Home\",\"item\":\"https:\\\/\\\/medallianceforwetlands.org\\\/fr\\\/home-pro\\\/\"},{\"@type\":\"ListItem\",\"position\":2,\"name\":\"Portfolio projets\"}]},{\"@type\":\"WebSite\",\"@id\":\"https:\\\/\\\/medallianceforwetlands.org\\\/#website\",\"url\":\"https:\\\/\\\/medallianceforwetlands.org\\\/\",\"name\":\"Mediterranean Alliance for Wetlands\",\"description\":\"Voice of the Wetlands\",\"publisher\":{\"@id\":\"https:\\\/\\\/medallianceforwetlands.org\\\/#organization\"},\"potentialAction\":[{\"@type\":\"SearchAction\",\"target\":{\"@type\":\"EntryPoint\",\"urlTemplate\":\"https:\\\/\\\/medallianceforwetlands.org\\\/?s={search_term_string}\"},\"query-input\":{\"@type\":\"PropertyValueSpecification\",\"valueRequired\":true,\"valueName\":\"search_term_string\"}}],\"inLanguage\":\"fr-FR\"},{\"@type\":\"Organization\",\"@id\":\"https:\\\/\\\/medallianceforwetlands.org\\\/#organization\",\"name\":\"Mediterranean Alliance for Wetlands\",\"url\":\"https:\\\/\\\/medallianceforwetlands.org\\\/\",\"logo\":{\"@type\":\"ImageObject\",\"inLanguage\":\"fr-FR\",\"@id\":\"https:\\\/\\\/medallianceforwetlands.org\\\/#\\\/schema\\\/logo\\\/image\\\/\",\"url\":\"https:\\\/\\\/medallianceforwetlands.org\\\/wp-content\\\/uploads\\\/2020\\\/07\\\/new-logo-MAW-web-horizontal1.png\",\"contentUrl\":\"https:\\\/\\\/medallianceforwetlands.org\\\/wp-content\\\/uploads\\\/2020\\\/07\\\/new-logo-MAW-web-horizontal1.png\",\"width\":450,\"height\":122,\"caption\":\"Mediterranean Alliance for Wetlands\"},\"image\":{\"@id\":\"https:\\\/\\\/medallianceforwetlands.org\\\/#\\\/schema\\\/logo\\\/image\\\/\"}}]}<\/script>\n<!-- \/ Yoast SEO plugin. -->","yoast_head_json":{"title":"Portfolio projets - Mediterranean Alliance for Wetlands","robots":{"index":"index","follow":"follow","max-snippet":"max-snippet:-1","max-image-preview":"max-image-preview:large","max-video-preview":"max-video-preview:-1"},"canonical":"https:\/\/medallianceforwetlands.org\/portfolio\/","og_locale":"fr_FR","og_type":"article","og_title":"Portfolio projets - Mediterranean Alliance for Wetlands","og_description":"ToutProjets termin\u00e9sProjets en coursPROZHUM petits projetsValorisation et Conservation des Zones Humides Oasiennes de Douz Contribution \u00e0 la mise en","og_url":"https:\/\/medallianceforwetlands.org\/portfolio\/","og_site_name":"Mediterranean Alliance for Wetlands","article_modified_time":"2025-04-29T09:03:16+00:00","twitter_card":"summary_large_image","twitter_misc":{"Est. reading time":"1 minute"},"schema":{"@context":"https:\/\/schema.org","@graph":[{"@type":"WebPage","@id":"https:\/\/medallianceforwetlands.org\/portfolio\/","url":"https:\/\/medallianceforwetlands.org\/portfolio\/","name":"Portfolio projets - Mediterranean Alliance for Wetlands","isPartOf":{"@id":"https:\/\/medallianceforwetlands.org\/#website"},"datePublished":"2025-04-28T21:47:29+00:00","dateModified":"2025-04-29T09:03:16+00:00","breadcrumb":{"@id":"https:\/\/medallianceforwetlands.org\/portfolio\/#breadcrumb"},"inLanguage":"fr-FR","potentialAction":[{"@type":"ReadAction","target":["https:\/\/medallianceforwetlands.org\/portfolio\/"]}]},{"@type":"BreadcrumbList","@id":"https:\/\/medallianceforwetlands.org\/portfolio\/#breadcrumb","itemListElement":[{"@type":"ListItem","position":1,"name":"Home","item":"https:\/\/medallianceforwetlands.org\/fr\/home-pro\/"},{"@type":"ListItem","position":2,"name":"Portfolio projets"}]},{"@type":"WebSite","@id":"https:\/\/medallianceforwetlands.org\/#website","url":"https:\/\/medallianceforwetlands.org\/","name":"Mediterranean Alliance for Wetlands","description":"Voice of the Wetlands","publisher":{"@id":"https:\/\/medallianceforwetlands.org\/#organization"},"potentialAction":[{"@type":"SearchAction","target":{"@type":"EntryPoint","urlTemplate":"https:\/\/medallianceforwetlands.org\/?s={search_term_string}"},"query-input":{"@type":"PropertyValueSpecification","valueRequired":true,"valueName":"search_term_string"}}],"inLanguage":"fr-FR"},{"@type":"Organization","@id":"https:\/\/medallianceforwetlands.org\/#organization","name":"Mediterranean Alliance for Wetlands","url":"https:\/\/medallianceforwetlands.org\/","logo":{"@type":"ImageObject","inLanguage":"fr-FR","@id":"https:\/\/medallianceforwetlands.org\/#\/schema\/logo\/image\/","url":"https:\/\/medallianceforwetlands.org\/wp-content\/uploads\/2020\/07\/new-logo-MAW-web-horizontal1.png","contentUrl":"https:\/\/medallianceforwetlands.org\/wp-content\/uploads\/2020\/07\/new-logo-MAW-web-horizontal1.png","width":450,"height":122,"caption":"Mediterranean Alliance for Wetlands"},"image":{"@id":"https:\/\/medallianceforwetlands.org\/#\/schema\/logo\/image\/"}}]}},"_links":{"self":[{"href":"https:\/\/medallianceforwetlands.org\/fr\/wp-json\/wp\/v2\/pages\/16929","targetHints":{"allow":["GET"]}}],"collection":[{"href":"https:\/\/medallianceforwetlands.org\/fr\/wp-json\/wp\/v2\/pages"}],"about":[{"href":"https:\/\/medallianceforwetlands.org\/fr\/wp-json\/wp\/v2\/types\/page"}],"author":[{"embeddable":true,"href":"https:\/\/medallianceforwetlands.org\/fr\/wp-json\/wp\/v2\/users\/14"}],"replies":[{"embeddable":true,"href":"https:\/\/medallianceforwetlands.org\/fr\/wp-json\/wp\/v2\/comments?post=16929"}],"version-history":[{"count":0,"href":"https:\/\/medallianceforwetlands.org\/fr\/wp-json\/wp\/v2\/pages\/16929\/revisions"}],"wp:attachment":[{"href":"https:\/\/medallianceforwetlands.org\/fr\/wp-json\/wp\/v2\/media?parent=16929"}],"curies":[{"name":"wp","href":"https:\/\/api.w.org\/{rel}","templated":true}]}}