{"id":16821,"date":"2025-03-30T01:47:25","date_gmt":"2025-03-30T00:47:25","guid":{"rendered":"https:\/\/creacionesespinosa.com\/maw\/mediterranean-wetland-monitoring\/"},"modified":"2025-04-01T22:52:43","modified_gmt":"2025-04-01T20:52:43","slug":"suivi-zones-humides","status":"publish","type":"page","link":"https:\/\/medallianceforwetlands.org\/fr\/suivi-zones-humides\/","title":{"rendered":"Suivi de zones humides"},"content":{"rendered":"<div id=\"cs-content\" class=\"cs-content\"><\/div>\n","protected":false},"excerpt":{"rendered":"<p>Panorama des zones humides m\u00e9diterran\u00e9ennes 1 \u2013 2012 Ce rapport \u00e9tait le premier de l\u2019Observatoire des Zones Humides M\u00e9diterran\u00e9ennes (OZHM), cr\u00e9\u00e9 en 2008 dans le cadre de l\u2019Intiative MedWet afin de suivre et d\u2019\u00e9valuer l\u2019\u00e9tat et les tendances des zones humides m\u00e9diterran\u00e9ennes et d\u2019accro\u00eetre les connaissances sur leurs diff\u00e9rents avantages. Le rapport pr\u00e9sente les r\u00e9sultats d\u2019une analyse de trois ans &#8230; <\/p>\n<div><a href=\"https:\/\/medallianceforwetlands.org\/fr\/suivi-zones-humides\/\" class=\"more-link\">Read More<\/a><\/div>\n","protected":false},"author":14,"featured_media":0,"parent":0,"menu_order":0,"comment_status":"closed","ping_status":"closed","template":"template-blank-1.php","meta":{"footnotes":"","_links_to":"","_links_to_target":""},"class_list":["post-16821","page","type-page","status-publish","hentry","no-post-thumbnail"],"yoast_head":"<!-- This site is optimized with the Yoast SEO plugin v27.4 - https:\/\/yoast.com\/product\/yoast-seo-wordpress\/ -->\n<title>Suivi de zones humides - Mediterranean Alliance for Wetlands<\/title>\n<meta name=\"robots\" content=\"index, follow, max-snippet:-1, max-image-preview:large, max-video-preview:-1\" \/>\n<link rel=\"canonical\" href=\"https:\/\/medallianceforwetlands.org\/mediterranean-wetland-monitoring\/\" \/>\n<meta property=\"og:locale\" content=\"fr_FR\" \/>\n<meta property=\"og:type\" content=\"article\" \/>\n<meta property=\"og:title\" content=\"Suivi de zones humides - Mediterranean Alliance for Wetlands\" \/>\n<meta property=\"og:description\" content=\"Panorama des zones humides m\u00e9diterran\u00e9ennes 1 \u2013 2012 Ce rapport \u00e9tait le premier de l\u2019Observatoire des Zones Humides M\u00e9diterran\u00e9ennes (OZHM),\" \/>\n<meta property=\"og:url\" content=\"https:\/\/medallianceforwetlands.org\/mediterranean-wetland-monitoring\/\" \/>\n<meta property=\"og:site_name\" content=\"Mediterranean Alliance for Wetlands\" \/>\n<meta property=\"article:modified_time\" content=\"2025-04-01T20:52:43+00:00\" \/>\n<meta name=\"twitter:card\" content=\"summary_large_image\" \/>\n<script type=\"application\/ld+json\" class=\"yoast-schema-graph\">{\"@context\":\"https:\\\/\\\/schema.org\",\"@graph\":[{\"@type\":\"WebPage\",\"@id\":\"https:\\\/\\\/medallianceforwetlands.org\\\/mediterranean-wetland-monitoring\\\/\",\"url\":\"https:\\\/\\\/medallianceforwetlands.org\\\/mediterranean-wetland-monitoring\\\/\",\"name\":\"Suivi de zones humides - Mediterranean Alliance for Wetlands\",\"isPartOf\":{\"@id\":\"https:\\\/\\\/medallianceforwetlands.org\\\/#website\"},\"datePublished\":\"2025-03-30T00:47:25+00:00\",\"dateModified\":\"2025-04-01T20:52:43+00:00\",\"breadcrumb\":{\"@id\":\"https:\\\/\\\/medallianceforwetlands.org\\\/mediterranean-wetland-monitoring\\\/#breadcrumb\"},\"inLanguage\":\"fr-FR\",\"potentialAction\":[{\"@type\":\"ReadAction\",\"target\":[\"https:\\\/\\\/medallianceforwetlands.org\\\/mediterranean-wetland-monitoring\\\/\"]}]},{\"@type\":\"BreadcrumbList\",\"@id\":\"https:\\\/\\\/medallianceforwetlands.org\\\/mediterranean-wetland-monitoring\\\/#breadcrumb\",\"itemListElement\":[{\"@type\":\"ListItem\",\"position\":1,\"name\":\"Home\",\"item\":\"https:\\\/\\\/medallianceforwetlands.org\\\/fr\\\/home-pro\\\/\"},{\"@type\":\"ListItem\",\"position\":2,\"name\":\"Suivi de zones humides\"}]},{\"@type\":\"WebSite\",\"@id\":\"https:\\\/\\\/medallianceforwetlands.org\\\/#website\",\"url\":\"https:\\\/\\\/medallianceforwetlands.org\\\/\",\"name\":\"Mediterranean Alliance for Wetlands\",\"description\":\"Voice of the Wetlands\",\"publisher\":{\"@id\":\"https:\\\/\\\/medallianceforwetlands.org\\\/#organization\"},\"potentialAction\":[{\"@type\":\"SearchAction\",\"target\":{\"@type\":\"EntryPoint\",\"urlTemplate\":\"https:\\\/\\\/medallianceforwetlands.org\\\/?s={search_term_string}\"},\"query-input\":{\"@type\":\"PropertyValueSpecification\",\"valueRequired\":true,\"valueName\":\"search_term_string\"}}],\"inLanguage\":\"fr-FR\"},{\"@type\":\"Organization\",\"@id\":\"https:\\\/\\\/medallianceforwetlands.org\\\/#organization\",\"name\":\"Mediterranean Alliance for Wetlands\",\"url\":\"https:\\\/\\\/medallianceforwetlands.org\\\/\",\"logo\":{\"@type\":\"ImageObject\",\"inLanguage\":\"fr-FR\",\"@id\":\"https:\\\/\\\/medallianceforwetlands.org\\\/#\\\/schema\\\/logo\\\/image\\\/\",\"url\":\"https:\\\/\\\/medallianceforwetlands.org\\\/wp-content\\\/uploads\\\/2020\\\/07\\\/new-logo-MAW-web-horizontal1.png\",\"contentUrl\":\"https:\\\/\\\/medallianceforwetlands.org\\\/wp-content\\\/uploads\\\/2020\\\/07\\\/new-logo-MAW-web-horizontal1.png\",\"width\":450,\"height\":122,\"caption\":\"Mediterranean Alliance for Wetlands\"},\"image\":{\"@id\":\"https:\\\/\\\/medallianceforwetlands.org\\\/#\\\/schema\\\/logo\\\/image\\\/\"}}]}<\/script>\n<!-- \/ Yoast SEO plugin. -->","yoast_head_json":{"title":"Suivi de zones humides - Mediterranean Alliance for Wetlands","robots":{"index":"index","follow":"follow","max-snippet":"max-snippet:-1","max-image-preview":"max-image-preview:large","max-video-preview":"max-video-preview:-1"},"canonical":"https:\/\/medallianceforwetlands.org\/mediterranean-wetland-monitoring\/","og_locale":"fr_FR","og_type":"article","og_title":"Suivi de zones humides - Mediterranean Alliance for Wetlands","og_description":"Panorama des zones humides m\u00e9diterran\u00e9ennes 1 \u2013 2012 Ce rapport \u00e9tait le premier de l\u2019Observatoire des Zones Humides M\u00e9diterran\u00e9ennes (OZHM),","og_url":"https:\/\/medallianceforwetlands.org\/mediterranean-wetland-monitoring\/","og_site_name":"Mediterranean Alliance for Wetlands","article_modified_time":"2025-04-01T20:52:43+00:00","twitter_card":"summary_large_image","schema":{"@context":"https:\/\/schema.org","@graph":[{"@type":"WebPage","@id":"https:\/\/medallianceforwetlands.org\/mediterranean-wetland-monitoring\/","url":"https:\/\/medallianceforwetlands.org\/mediterranean-wetland-monitoring\/","name":"Suivi de zones humides - Mediterranean Alliance for Wetlands","isPartOf":{"@id":"https:\/\/medallianceforwetlands.org\/#website"},"datePublished":"2025-03-30T00:47:25+00:00","dateModified":"2025-04-01T20:52:43+00:00","breadcrumb":{"@id":"https:\/\/medallianceforwetlands.org\/mediterranean-wetland-monitoring\/#breadcrumb"},"inLanguage":"fr-FR","potentialAction":[{"@type":"ReadAction","target":["https:\/\/medallianceforwetlands.org\/mediterranean-wetland-monitoring\/"]}]},{"@type":"BreadcrumbList","@id":"https:\/\/medallianceforwetlands.org\/mediterranean-wetland-monitoring\/#breadcrumb","itemListElement":[{"@type":"ListItem","position":1,"name":"Home","item":"https:\/\/medallianceforwetlands.org\/fr\/home-pro\/"},{"@type":"ListItem","position":2,"name":"Suivi de zones humides"}]},{"@type":"WebSite","@id":"https:\/\/medallianceforwetlands.org\/#website","url":"https:\/\/medallianceforwetlands.org\/","name":"Mediterranean Alliance for Wetlands","description":"Voice of the Wetlands","publisher":{"@id":"https:\/\/medallianceforwetlands.org\/#organization"},"potentialAction":[{"@type":"SearchAction","target":{"@type":"EntryPoint","urlTemplate":"https:\/\/medallianceforwetlands.org\/?s={search_term_string}"},"query-input":{"@type":"PropertyValueSpecification","valueRequired":true,"valueName":"search_term_string"}}],"inLanguage":"fr-FR"},{"@type":"Organization","@id":"https:\/\/medallianceforwetlands.org\/#organization","name":"Mediterranean Alliance for Wetlands","url":"https:\/\/medallianceforwetlands.org\/","logo":{"@type":"ImageObject","inLanguage":"fr-FR","@id":"https:\/\/medallianceforwetlands.org\/#\/schema\/logo\/image\/","url":"https:\/\/medallianceforwetlands.org\/wp-content\/uploads\/2020\/07\/new-logo-MAW-web-horizontal1.png","contentUrl":"https:\/\/medallianceforwetlands.org\/wp-content\/uploads\/2020\/07\/new-logo-MAW-web-horizontal1.png","width":450,"height":122,"caption":"Mediterranean Alliance for Wetlands"},"image":{"@id":"https:\/\/medallianceforwetlands.org\/#\/schema\/logo\/image\/"}}]}},"_links":{"self":[{"href":"https:\/\/medallianceforwetlands.org\/fr\/wp-json\/wp\/v2\/pages\/16821","targetHints":{"allow":["GET"]}}],"collection":[{"href":"https:\/\/medallianceforwetlands.org\/fr\/wp-json\/wp\/v2\/pages"}],"about":[{"href":"https:\/\/medallianceforwetlands.org\/fr\/wp-json\/wp\/v2\/types\/page"}],"author":[{"embeddable":true,"href":"https:\/\/medallianceforwetlands.org\/fr\/wp-json\/wp\/v2\/users\/14"}],"replies":[{"embeddable":true,"href":"https:\/\/medallianceforwetlands.org\/fr\/wp-json\/wp\/v2\/comments?post=16821"}],"version-history":[{"count":0,"href":"https:\/\/medallianceforwetlands.org\/fr\/wp-json\/wp\/v2\/pages\/16821\/revisions"}],"wp:attachment":[{"href":"https:\/\/medallianceforwetlands.org\/fr\/wp-json\/wp\/v2\/media?parent=16821"}],"curies":[{"name":"wp","href":"https:\/\/api.w.org\/{rel}","templated":true}]}}